{"id":1759,"date":"2022-05-12T13:27:02","date_gmt":"2022-05-12T13:27:02","guid":{"rendered":"https:\/\/trichologas.lt\/?page_id=1759"},"modified":"2024-01-09T13:36:20","modified_gmt":"2024-01-09T13:36:20","slug":"trichologas-gydytojas","status":"publish","type":"page","link":"https:\/\/trichologas.lt\/ru\/arst-triholog\/","title":{"rendered":"\u0412\u0440\u0430\u0447-\u0442\u0440\u0438\u0445\u043e\u043b\u043e\u0433"},"content":{"rendered":"<figure class=\"wp-block-image\"><img decoding=\"async\" src=\"https:\/\/www.rubenhair.eu\/storage\/app\/media\/shutterstock_174171548.jpg\" alt=\"\"\/><\/figure>\r\n\r\n\r\n\r\n<p>\u0422\u0440\u0438\u0445\u043e\u043b\u043e\u0433\u0438\u044f - \u044d\u0442\u043e \u043e\u0442\u0440\u0430\u0441\u043b\u044c \u043c\u0435\u0434\u0438\u0446\u0438\u043d\u044b, \u043a\u043e\u0442\u043e\u0440\u0430\u044f \u0437\u0430\u043d\u0438\u043c\u0430\u0435\u0442\u0441\u044f \u0443\u0433\u043b\u0443\u0431\u043b\u0435\u043d\u043d\u044b\u043c \u0438\u0437\u0443\u0447\u0435\u043d\u0438\u0435\u043c, \u0434\u0438\u0430\u0433\u043d\u043e\u0441\u0442\u0438\u043a\u043e\u0439 \u0438 \u043b\u0435\u0447\u0435\u043d\u0438\u0435\u043c \u043f\u0440\u043e\u0431\u043b\u0435\u043c \u0441\u043e \u0437\u0434\u043e\u0440\u043e\u0432\u044c\u0435\u043c \u0432\u043e\u043b\u043e\u0441 \u0438 \u043a\u043e\u0436\u0438 \u0433\u043e\u043b\u043e\u0432\u044b. <a href=\"http:\/\/trihologs.lv\/\">\u0422\u0440\u0438\u0445\u043e\u043b\u043e\u0433<\/a> \u0432\u0440\u0430\u0447, \u0441\u043f\u0435\u0446\u0438\u0430\u043b\u0438\u0437\u0438\u0440\u0443\u044e\u0449\u0438\u0439\u0441\u044f \u043d\u0430 \u043b\u0435\u0447\u0435\u043d\u0438\u0438 \u0432\u044b\u043f\u0430\u0434\u0435\u043d\u0438\u044f \u0432\u043e\u043b\u043e\u0441, \u0432\u043e\u043b\u043e\u0441 \u0438 \u043a\u043e\u0436\u0438 \u0433\u043e\u043b\u043e\u0432\u044b. \u041e\u043f\u044b\u0442\u043d\u044b\u0435 \u0432\u0440\u0430\u0447\u0438 \u0426\u0435\u043d\u0442\u0440\u0430 \u0442\u0440\u0430\u043d\u0441\u043f\u043b\u0430\u043d\u0442\u0430\u0446\u0438\u0438 \u0432\u043e\u043b\u043e\u0441 \u0438 \u0437\u0434\u043e\u0440\u043e\u0432\u044c\u044f \u043a\u043e\u0436\u0438 \u0420\u0443\u0431\u0435\u043d\u0445\u0430\u0439\u0440 \u041b\u0430\u0442\u0432\u0438\u044f, <a href=\"https:\/\/www.trihologs.lv\/\">\u0434\u0435\u0440\u043c\u0430\u0442\u043e\u043b\u043e\u0433\u0438 - \u0442\u0440\u0438\u0445\u043e\u043b\u043e\u0433\u0438<\/a>, \u043e\u0431\u0435\u0441\u043f\u0435\u0447\u0438\u0432\u0430\u0435\u0442 \u043a\u0430\u0447\u0435\u0441\u0442\u0432\u0435\u043d\u043d\u0443\u044e \u0438 \u0441\u0432\u043e\u0435\u0432\u0440\u0435\u043c\u0435\u043d\u043d\u0443\u044e \u0434\u0438\u0430\u0433\u043d\u043e\u0441\u0442\u0438\u043a\u0443 \u0438 \u043b\u0435\u0447\u0435\u043d\u0438\u0435 \u043f\u0440\u0438\u0447\u0438\u043d \u0432\u044b\u043f\u0430\u0434\u0435\u043d\u0438\u044f \u0432\u043e\u043b\u043e\u0441 \u0438 \u043a\u043e\u0436\u043d\u044b\u0445 \u0437\u0430\u0431\u043e\u043b\u0435\u0432\u0430\u043d\u0438\u0439.<\/p>\r\n\r\n\r\n\r\n<p><a href=\"https:\/\/www.rubenhair.eu\/lv\/raksts\/ka-matu-transplantacija-var-uzlabot-jusu-pasparliecinatibu\">\u041f\u043e\u0432\u044b\u0441\u044c\u0442\u0435 \u043a\u0430\u0447\u0435\u0441\u0442\u0432\u043e \u0441\u0432\u043e\u0435\u0439 \u0436\u0438\u0437\u043d\u0438<\/a> \u0438 \u0437\u0430\u043f\u0438\u0448\u0438\u0442\u0435\u0441\u044c \u043d\u0430 \u043f\u0440\u0438\u0435\u043c \u043a \u043e\u0434\u043d\u043e\u043c\u0443 \u0438\u0437 \u043d\u0430\u0448\u0438\u0445 \u0441\u043f\u0435\u0446\u0438\u0430\u043b\u0438\u0441\u0442\u043e\u0432, \u043a\u043e\u0442\u043e\u0440\u044b\u0439 \u0431\u043e\u043b\u0435\u0435 \u043f\u043e\u0434\u0440\u043e\u0431\u043d\u043e \u043e\u0442\u0432\u0435\u0442\u0438\u0442 \u043d\u0430 \u0432\u0430\u0448\u0438 \u0432\u043e\u043f\u0440\u043e\u0441\u044b \u0438 \u043e\u043f\u0440\u0435\u0434\u0435\u043b\u0438\u0442 \u043e\u043f\u0442\u0438\u043c\u0430\u043b\u044c\u043d\u044b\u0439 \u043a\u0443\u0440\u0441 \u043b\u0435\u0447\u0435\u043d\u0438\u044f. \u041f\u043e\u0437\u0432\u043e\u043d\u0438\u0442\u0435 \u043f\u043e \u0442\u0435\u043b\u0435\u0444\u043e\u043d\u0443 +371 26777776 \u0438\u043b\u0438 \u0437\u0430\u043f\u043e\u043b\u043d\u0438\u0442\u0435 \u043e\u043d\u043b\u0430\u0439\u043d-\u0444\u043e\u0440\u043c\u0443, \u0438 \u043c\u044b \u0441\u0432\u044f\u0436\u0435\u043c\u0441\u044f \u0441 \u0432\u0430\u043c\u0438.<\/p>\r\n\r\n\r\n\r\n<h3 class=\"wp-block-heading\">\u041f\u043e\u043b\u0443\u0447\u0438\u0442\u0435 \u0431\u0435\u0441\u043f\u043b\u0430\u0442\u043d\u0443\u044e \u043e\u043d\u043b\u0430\u0439\u043d-\u043a\u043e\u043d\u0441\u0443\u043b\u044c\u0442\u0430\u0446\u0438\u044e!<\/h3>\r\n\r\n\r\n\r\n<p>\u042f \u0441\u043e\u0433\u043b\u0430\u0441\u0435\u043d \u0441 <a href=\"https:\/\/www.rubenhair.eu\/noteikumi-un-nosacijumi\">\u0443\u0441\u043b\u043e\u0432\u0438\u044f \u043e\u0431\u0440\u0430\u0431\u043e\u0442\u043a\u0438 \u043f\u0435\u0440\u0441\u043e\u043d\u0430\u043b\u044c\u043d\u044b\u0445 \u0434\u0430\u043d\u043d\u044b\u0445<\/a>. \u041f\u043e\u043b\u0443\u0447\u0438\u0442\u0435 \u043a\u043e\u043d\u0441\u0443\u043b\u044c\u0442\u0430\u0446\u0438\u044e!<\/p>\r\n\r\n\r\n\r\n<p>\u041a\u043b\u0438\u043d\u0438\u043a\u0430 \u0442\u0440\u0430\u043d\u0441\u043f\u043b\u0430\u043d\u0442\u0430\u0446\u0438\u0438 \u0432\u043e\u043b\u043e\u0441 Rubenhair Latvia \u0432\u044b\u043f\u043e\u043b\u043d\u044f\u0435\u0442 \u0432\u044b\u0441\u043e\u043a\u043e\u043a\u0430\u0447\u0435\u0441\u0442\u0432\u0435\u043d\u043d\u0443\u044e \u043f\u0435\u0440\u0435\u0441\u0430\u0434\u043a\u0443 \u0432\u043e\u043b\u043e\u0441, \u043f\u0435\u0440\u0435\u0441\u0430\u0434\u043a\u0443 \u0431\u0440\u043e\u0432\u0435\u0439 \u043f\u043e \u043c\u0430\u043d\u0443\u0430\u043b\u044c\u043d\u043e\u0439 \u043c\u0435\u0442\u043e\u0434\u0438\u043a\u0435 FUE \u0431\u0435\u0437 \u0438\u0441\u043f\u043e\u043b\u044c\u0437\u043e\u0432\u0430\u043d\u0438\u044f \u0441\u0442\u044f\u0436\u0435\u043a \u0438 \u043d\u0438\u0442\u0435\u0439, \u0430 \u0442\u0430\u043a\u0436\u0435 \u043f\u0440\u043e\u0446\u0435\u0434\u0443\u0440\u044b \u043f\u043e \u043b\u0435\u0447\u0435\u043d\u0438\u044e \u0432\u043e\u043b\u043e\u0441. \u0412\u0441\u0435 \u0443\u0441\u043b\u0443\u0433\u0438, \u043f\u0440\u0435\u0434\u043e\u0441\u0442\u0430\u0432\u043b\u044f\u0435\u043c\u044b\u0435 \u0432 \u043a\u043b\u0438\u043d\u0438\u043a\u0435 \u0442\u0440\u0430\u043d\u0441\u043f\u043b\u0430\u043d\u0442\u0430\u0446\u0438\u0438 \u0432\u043e\u043b\u043e\u0441 Rubenhair Latvia, \u0441\u0435\u0440\u0442\u0438\u0444\u0438\u0446\u0438\u0440\u043e\u0432\u0430\u043d\u044b, \u0431\u0435\u0437\u043e\u043f\u0430\u0441\u043d\u044b \u0438 \u043f\u0440\u0438\u0437\u043d\u0430\u043d\u044b \u0432 \u041b\u0430\u0442\u0432\u0438\u0438 \u0438 \u0415\u0432\u0440\u043e\u043f\u0435\u0439\u0441\u043a\u043e\u043c \u0421\u043e\u044e\u0437\u0435. \u0423\u0441\u043b\u0443\u0433\u0438 \u043e\u043a\u0430\u0437\u044b\u0432\u0430\u044e\u0442 \u0434\u0438\u043f\u043b\u043e\u043c\u0438\u0440\u043e\u0432\u0430\u043d\u043d\u044b\u0435 \u0438 \u0441\u0435\u0440\u0442\u0438\u0444\u0438\u0446\u0438\u0440\u043e\u0432\u0430\u043d\u043d\u044b\u0435 \u0432\u0440\u0430\u0447\u0438, \u0430 \u0442\u0430\u043a\u0436\u0435 \u043c\u0435\u0434\u0438\u0446\u0438\u043d\u0441\u043a\u0438\u0439 \u043f\u0435\u0440\u0441\u043e\u043d\u0430\u043b \u0441 \u0441\u043e\u043e\u0442\u0432\u0435\u0442\u0441\u0442\u0432\u0443\u044e\u0449\u0438\u043c \u043f\u0440\u043e\u0444\u0435\u0441\u0441\u0438\u043e\u043d\u0430\u043b\u044c\u043d\u044b\u043c \u043e\u0431\u0440\u0430\u0437\u043e\u0432\u0430\u043d\u0438\u0435\u043c \u0438 \u043d\u0430\u0432\u044b\u043a\u0430\u043c\u0438. \u0414\u043b\u044f \u043f\u0440\u043e\u0446\u0435\u0434\u0443\u0440 \u0438\u0441\u043f\u043e\u043b\u044c\u0437\u0443\u0435\u0442\u0441\u044f \u0441\u0435\u0440\u0442\u0438\u0444\u0438\u0446\u0438\u0440\u043e\u0432\u0430\u043d\u043d\u043e\u0435, \u0441\u043e\u0432\u0440\u0435\u043c\u0435\u043d\u043d\u043e\u0435 \u043e\u0431\u043e\u0440\u0443\u0434\u043e\u0432\u0430\u043d\u0438\u0435 \u0438 \u0442\u043e\u043b\u044c\u043a\u043e \u043f\u0440\u043e\u0432\u0435\u0440\u0435\u043d\u043d\u044b\u0435 \u0438 \u0441\u0435\u0440\u0442\u0438\u0444\u0438\u0446\u0438\u0440\u043e\u0432\u0430\u043d\u043d\u044b\u0435 \u043f\u0440\u0435\u043f\u0430\u0440\u0430\u0442\u044b. \u041b\u0430\u0442\u0432\u0438\u0439\u0441\u043a\u0430\u044f \u043a\u043b\u0438\u043d\u0438\u043a\u0430 \u0442\u0440\u0430\u043d\u0441\u043f\u043b\u0430\u043d\u0442\u0430\u0446\u0438\u0438 \u0432\u043e\u043b\u043e\u0441 Rubenhair \u044f\u0432\u043b\u044f\u0435\u0442\u0441\u044f \u043f\u043e\u043b\u043d\u043e\u0441\u0442\u044c\u044e \u0441\u0435\u0440\u0442\u0438\u0444\u0438\u0446\u0438\u0440\u043e\u0432\u0430\u043d\u043d\u043e\u0439 \u0438 \u043b\u0438\u0446\u0435\u043d\u0437\u0438\u0440\u043e\u0432\u0430\u043d\u043d\u043e\u0439 \u043c\u0435\u0434\u0438\u0446\u0438\u043d\u0441\u043a\u043e\u0439 \u043a\u043b\u0438\u043d\u0438\u043a\u043e\u0439 \u0432 \u041b\u0430\u0442\u0432\u0438\u0438 \u0438 \u0415\u0432\u0440\u043e\u043f\u0435\u0439\u0441\u043a\u043e\u043c \u0421\u043e\u044e\u0437\u0435 \u0438 \u044f\u0432\u043b\u044f\u0435\u0442\u0441\u044f <a href=\"https:\/\/registri.vi.gov.lv\/air?fid=64535\" rel=\"noreferrer noopener\" target=\"_blank\">\u0437\u0430\u0440\u0435\u0433\u0438\u0441\u0442\u0440\u0438\u0440\u043e\u0432\u0430\u043d\u0430 \u0432 \u0420\u0435\u0433\u0438\u0441\u0442\u0440\u0435 \u043c\u0435\u0434\u0438\u0446\u0438\u043d\u0441\u043a\u0438\u0445 \u0443\u0447\u0440\u0435\u0436\u0434\u0435\u043d\u0438\u0439 \u0418\u043d\u0441\u043f\u0435\u043a\u0446\u0438\u0438 \u0437\u0434\u0440\u0430\u0432\u043e\u043e\u0445\u0440\u0430\u043d\u0435\u043d\u0438\u044f \u041c\u0438\u043d\u0438\u0441\u0442\u0435\u0440\u0441\u0442\u0432\u0430 \u0437\u0434\u0440\u0430\u0432\u043e\u043e\u0445\u0440\u0430\u043d\u0435\u043d\u0438\u044f \u041b\u0430\u0442\u0432\u0438\u0439\u0441\u043a\u043e\u0439 \u0420\u0435\u0441\u043f\u0443\u0431\u043b\u0438\u043a\u0438 \u0441 \u0440\u0435\u0433\u0438\u0441\u0442\u0440\u0430\u0446\u0438\u043e\u043d\u043d\u044b\u043c \u043d\u043e\u043c\u0435\u0440\u043e\u043c 010001474.<\/a><\/p>","protected":false},"excerpt":{"rendered":"<p>Trichologija yra medicinos \u0161aka, kuri u\u017esiima giliu plauk\u0173 ir galvos odos sveikatos problem\u0173 tyrimu, diagnostika ir gydymu. Trichologas yra gydytojas, specializuotas plauk\u0173 slinkimo, plauk\u0173 ir galvos odos gydymu. Plauk\u0173 transplantacijos ir odos sveikatos centro Rubenhair Latvia patyr\u0119 gydytojai, dermatologai &#8211; trichologai, atlieka kokybi\u0161k\u0105 ir laiku atliekam\u0105 plauk\u0173 slinkimo ir odos lig\u0173 prie\u017easties diagnoz\u0119 ir gydym\u0105. &hellip;<\/p>\n<p class=\"read-more\"> <a class=\"\" href=\"https:\/\/trichologas.lt\/ru\/arst-triholog\/\"> <span class=\"screen-reader-text\">\u0412\u0440\u0430\u0447-\u0442\u0440\u0438\u0445\u043e\u043b\u043e\u0433<\/span> \u0427\u0438\u0442\u0430\u0442\u044c \u043f\u043e\u043b\u043d\u043e\u0441\u0442\u044c\u044e &raquo;<\/a><\/p>","protected":false},"author":1,"featured_media":0,"parent":0,"menu_order":0,"comment_status":"closed","ping_status":"closed","template":"","meta":{"_mi_skip_tracking":false,"_monsterinsights_sitenote_active":false,"_monsterinsights_sitenote_note":"","_monsterinsights_sitenote_category":0,"site-sidebar-layout":"default","site-content-layout":"default","ast-main-header-display":"","ast-hfb-above-header-display":"","ast-hfb-below-header-display":"","ast-hfb-mobile-header-display":"","site-post-title":"","ast-breadcrumbs-content":"","ast-featured-img":"","footer-sml-layout":"","theme-transparent-header-meta":"","adv-header-id-meta":"","stick-header-meta":"","header-above-stick-meta":"","header-main-stick-meta":"","header-below-stick-meta":"","footnotes":""},"aioseo_notices":[],"_links":{"self":[{"href":"https:\/\/trichologas.lt\/ru\/wp-json\/wp\/v2\/pages\/1759"}],"collection":[{"href":"https:\/\/trichologas.lt\/ru\/wp-json\/wp\/v2\/pages"}],"about":[{"href":"https:\/\/trichologas.lt\/ru\/wp-json\/wp\/v2\/types\/page"}],"author":[{"embeddable":true,"href":"https:\/\/trichologas.lt\/ru\/wp-json\/wp\/v2\/users\/1"}],"replies":[{"embeddable":true,"href":"https:\/\/trichologas.lt\/ru\/wp-json\/wp\/v2\/comments?post=1759"}],"version-history":[{"count":5,"href":"https:\/\/trichologas.lt\/ru\/wp-json\/wp\/v2\/pages\/1759\/revisions"}],"predecessor-version":[{"id":2040,"href":"https:\/\/trichologas.lt\/ru\/wp-json\/wp\/v2\/pages\/1759\/revisions\/2040"}],"wp:attachment":[{"href":"https:\/\/trichologas.lt\/ru\/wp-json\/wp\/v2\/media?parent=1759"}],"curies":[{"name":"wp","href":"https:\/\/api.w.org\/{rel}","templated":true}]}}