{"id":1759,"date":"2022-05-12T13:27:02","date_gmt":"2022-05-12T13:27:02","guid":{"rendered":"https:\/\/trichologas.lt\/?page_id=1759"},"modified":"2024-01-09T13:36:20","modified_gmt":"2024-01-09T13:36:20","slug":"trichologas-gydytojas","status":"publish","type":"page","link":"https:\/\/trichologas.lt\/en\/arst-triholog\/","title":{"rendered":"Trichologist doctor"},"content":{"rendered":"<figure class=\"wp-block-image\"><img decoding=\"async\" src=\"https:\/\/www.rubenhair.eu\/storage\/app\/media\/shutterstock_174171548.jpg\" alt=\"\"\/><\/figure>\r\n\r\n\r\n\r\n<p>Trichology is a branch of medicine that deals with the in-depth study, diagnosis and treatment of hair and scalp health problems. <a href=\"http:\/\/trihologs.lv\/\">Trichologist<\/a> is a doctor specialising in the treatment of hair loss, hair and scalp. Experienced doctors at the Hair Transplant and Skin Health Centre Rubenhair Latvia, <a href=\"https:\/\/www.trihologs.lv\/\">dermatologists - trichologists<\/a>, provides quality and timely diagnosis and treatment of the cause of hair loss and skin diseases.<\/p>\r\n\r\n\r\n\r\n<p><a href=\"https:\/\/www.rubenhair.eu\/lv\/raksts\/ka-matu-transplantacija-var-uzlabot-jusu-pasparliecinatibu\">Raise your quality of life<\/a> and book an appointment with one of our specialists, who will answer your questions in more detail and determine the best course of treatment. Call +371 26777776 or fill in the online form and we will contact you.<\/p>\r\n\r\n\r\n\r\n<h3 class=\"wp-block-heading\">Get a free online consultation!<\/h3>\r\n\r\n\r\n\r\n<p>I agree with <a href=\"https:\/\/www.rubenhair.eu\/noteikumi-un-nosacijumi\">terms and conditions for processing personal data<\/a>. Get a consultation!<\/p>\r\n\r\n\r\n\r\n<p>The hair transplant clinic Rubenhair Latvia performs high-quality hair transplants, eyebrow transplants using the manual FUE technique without ties and threads, as well as hair treatment procedures. All the services provided at Rubenhair Latvia Hair Transplant Clinic are certified, safe and recognised in Latvia and the European Union. The services are provided by graduated and certified doctors, as well as medical staff with relevant professional education and skills. Certified, modern equipment and only tested and certified preparations are used for the procedures. Rubenhair Latvia Hair Transplant Clinic is a fully certified and licensed medical clinic in Latvia and the European Union and is <a href=\"https:\/\/registri.vi.gov.lv\/air?fid=64535\" rel=\"noreferrer noopener\" target=\"_blank\">registered in the Register of Medical Establishments of the Health Inspectorate of the Ministry of Health of the Republic of Latvia with registration number 010001474.<\/a><\/p>","protected":false},"excerpt":{"rendered":"<p>Trichologija yra medicinos \u0161aka, kuri u\u017esiima giliu plauk\u0173 ir galvos odos sveikatos problem\u0173 tyrimu, diagnostika ir gydymu. Trichologas yra gydytojas, specializuotas plauk\u0173 slinkimo, plauk\u0173 ir galvos odos gydymu. Plauk\u0173 transplantacijos ir odos sveikatos centro Rubenhair Latvia patyr\u0119 gydytojai, dermatologai &#8211; trichologai, atlieka kokybi\u0161k\u0105 ir laiku atliekam\u0105 plauk\u0173 slinkimo ir odos lig\u0173 prie\u017easties diagnoz\u0119 ir gydym\u0105. &hellip;<\/p>\n<p class=\"read-more\"> <a class=\"\" href=\"https:\/\/trichologas.lt\/en\/arst-triholog\/\"> <span class=\"screen-reader-text\">Trichologist doctor<\/span> Read More &raquo;<\/a><\/p>","protected":false},"author":1,"featured_media":0,"parent":0,"menu_order":0,"comment_status":"closed","ping_status":"closed","template":"","meta":{"_mi_skip_tracking":false,"_monsterinsights_sitenote_active":false,"_monsterinsights_sitenote_note":"","_monsterinsights_sitenote_category":0,"site-sidebar-layout":"default","site-content-layout":"default","ast-main-header-display":"","ast-hfb-above-header-display":"","ast-hfb-below-header-display":"","ast-hfb-mobile-header-display":"","site-post-title":"","ast-breadcrumbs-content":"","ast-featured-img":"","footer-sml-layout":"","theme-transparent-header-meta":"","adv-header-id-meta":"","stick-header-meta":"","header-above-stick-meta":"","header-main-stick-meta":"","header-below-stick-meta":"","footnotes":""},"aioseo_notices":[],"_links":{"self":[{"href":"https:\/\/trichologas.lt\/en\/wp-json\/wp\/v2\/pages\/1759"}],"collection":[{"href":"https:\/\/trichologas.lt\/en\/wp-json\/wp\/v2\/pages"}],"about":[{"href":"https:\/\/trichologas.lt\/en\/wp-json\/wp\/v2\/types\/page"}],"author":[{"embeddable":true,"href":"https:\/\/trichologas.lt\/en\/wp-json\/wp\/v2\/users\/1"}],"replies":[{"embeddable":true,"href":"https:\/\/trichologas.lt\/en\/wp-json\/wp\/v2\/comments?post=1759"}],"version-history":[{"count":5,"href":"https:\/\/trichologas.lt\/en\/wp-json\/wp\/v2\/pages\/1759\/revisions"}],"predecessor-version":[{"id":2040,"href":"https:\/\/trichologas.lt\/en\/wp-json\/wp\/v2\/pages\/1759\/revisions\/2040"}],"wp:attachment":[{"href":"https:\/\/trichologas.lt\/en\/wp-json\/wp\/v2\/media?parent=1759"}],"curies":[{"name":"wp","href":"https:\/\/api.w.org\/{rel}","templated":true}]}}